{"id":4383,"date":"2025-08-30T15:51:47","date_gmt":"2025-08-30T14:51:47","guid":{"rendered":"https:\/\/computerles.classy.be\/?page_id=4383"},"modified":"2026-04-27T15:22:47","modified_gmt":"2026-04-27T14:22:47","slug":"f5-extra-links","status":"publish","type":"page","link":"https:\/\/computerles.classy.be\/?page_id=4383","title":{"rendered":"F4 Extra links"},"content":{"rendered":"\n<p>Duolingo is een heel populaire app\/website om een taal te leren. Heb je tijd over? Probeer de app zeker uit! Hieronder kan je ook nog een aantal andere interessante links terugvinden om bijvoorbeeld je spreekvaardigheid te oefenen.<\/p>\n\n\n\n<ul class=\"wp-block-list\">\n<li><a href=\"https:\/\/www.duolingo.com\/\" target=\"_blank\" rel=\"noreferrer noopener\">duolingo.com<\/a>: Je verdient punten en ontgrendelt nieuwe niveaus met snelle, hapklare en gratis lessen.<\/li>\n\n\n\n<li><a href=\"https:\/\/www.edclub.com\/sportal\/\" target=\"_blank\" rel=\"noreferrer noopener\">edclub.com<\/a>: apprendre \u00e0 taper (leren typen). Franstalige app om te leren typen. Kan je alle letters al vlot typen? Start dan met oefening 84 zo leer je de speciale Franse tekens \u00e9, \u00e8, \u00e0, \u00e2, \u00e7 en daarna volgen Franse woorden.<\/li>\n\n\n\n<li><a href=\"https:\/\/copilot.microsoft.com\/chats\/\" data-type=\"link\" data-id=\"https:\/\/m365.cloud.microsoft\/\" target=\"_blank\" rel=\"noreferrer noopener\">copilot.microsoft.com<\/a>: Copilot is de slimme chatapp van Microsoft. Vraag hulp aan copilot, de app kan je helpen met studeren! Omschrijf steeds heel duidelijk hoe je geholpen wil worden. Hieronder zie je enkele voorbeeldprompts. Probeer ze gerust uit!<\/li>\n\n\n\n<li><a href=\"https:\/\/translate.google.com\/?hl=nl&amp;sl=nl&amp;tl=fr&amp;op=translate\" target=\"_blank\" rel=\"noreferrer noopener\">translate.google.com<\/a>: vertaal tekst, afbeeldingen, websites of documenten.<\/li>\n\n\n\n<li><a href=\"https:\/\/www.deepl.com\/en\/write\" data-type=\"link\" data-id=\"https:\/\/www.deepl.com\/en\/write\">deepl.com<\/a>: vertaal teksten en documenten en vraag hulp aan de ingebouwde AI-assistent.<\/li>\n\n\n\n<li><a href=\"https:\/\/gliglish.com\/free\" target=\"_blank\" rel=\"noreferrer noopener\">gliglish.com<\/a> kan je gratis elke dag tot 10 min. praten met een bot.<br><strong>Je geluid of oortjes en je microfoon moeten actief zijn.<\/strong><\/li>\n\n\n\n<li><a href=\"https:\/\/coach.microsoft.com\/webapp\">coach.microsoft.com<\/a>: Oefen je uitspraak door een verhaal aan de leescoach voor te lezen. Je kan een verhaal laten maken door het AI-hulpje of je kan je eigen tekst inladen.<br><strong><strong><strong>Je geluid of oortjes en je microfoon <strong>moeten actief zijn.<\/strong><\/strong><\/strong><\/strong><\/li>\n<\/ul>\n\n\n\n<h2 class=\"wp-block-heading\">Franstalige media<\/h2>\n\n\n\n<p>Kijk naar Franstalige Films, stel je favoriete game in op Frans en volg de Franstalige media. Allemaal manieren om op een leuke manier Frans te leren.<\/p>\n\n\n\n<ul class=\"wp-block-list\">\n<li>Kijk Franstalige TV via de Waalse <a href=\"https:\/\/auvio.rtbf.be\/direct\" data-type=\"link\" data-id=\"https:\/\/auvio.rtbf.be\/direct\" target=\"_blank\" rel=\"noreferrer noopener\">RTBF Auvio<\/a> in plaats van VRTmax.<\/li>\n\n\n\n<li><a href=\"https:\/\/www.rtlplay.be\/rtlplay\" data-type=\"link\" data-id=\"https:\/\/www.rtlplay.be\/rtlplay\" target=\"_blank\" rel=\"noreferrer noopener\">RTLplay<\/a> is de Franstalige versie van VTM of Play4.<\/li>\n\n\n\n<li><a href=\"https:\/\/www.rtbf.be\/tech\" data-type=\"link\" data-id=\"https:\/\/www.rtbf.be\/tech\" target=\"_blank\" rel=\"noreferrer noopener\">RTBF.be<\/a> is de nieuwssite van de Waalse publieke omroep en de tegenhanger van de <a href=\"https:\/\/www.vrt.be\/vrtnws\/nl\/rubrieken\/technologie-en-wetenschap\/\" data-type=\"link\" data-id=\"https:\/\/www.vrt.be\/vrtnws\/nl\/rubrieken\/technologie-en-wetenschap\/\" target=\"_blank\" rel=\"noreferrer noopener\">Vlaamse vrt.be\/VRTnws<\/a>. Klik op de links om het laatste Tech-nieuws te lezen.<\/li>\n<\/ul>\n\n\n\n<div class=\"wp-block-buttons is-content-justification-space-between is-layout-flex wp-container-core-buttons-is-layout-3d213aab wp-block-buttons-is-layout-flex\">\n<div class=\"wp-block-button\"><a class=\"wp-block-button__link wp-element-button\" href=\"https:\/\/computerles.classy.be\/?page_id=4337\">&lt; 3 studiehulpje<\/a><\/div>\n\n\n\n<div class=\"wp-block-button\"><a class=\"wp-block-button__link wp-element-button\" href=\"https:\/\/computerles.classy.be\/\">menu ><\/a><\/div>\n<\/div>\n","protected":false},"excerpt":{"rendered":"<p>Duolingo is een heel populaire app\/website om een taal te leren. Heb je tijd over? Probeer de app zeker uit! Hieronder kan je ook nog een aantal andere interessante links terugvinden om bijvoorbeeld je spreekvaardigheid te oefenen. Franstalige media Kijk naar Franstalige Films, stel je favoriete game in op Frans en volg de Franstalige media. [&hellip;]<\/p>\n","protected":false},"author":1,"featured_media":0,"parent":4312,"menu_order":5,"comment_status":"closed","ping_status":"closed","template":"","meta":{"footnotes":""},"class_list":["post-4383","page","type-page","status-publish","hentry"],"_links":{"self":[{"href":"https:\/\/computerles.classy.be\/index.php?rest_route=\/wp\/v2\/pages\/4383","targetHints":{"allow":["GET"]}}],"collection":[{"href":"https:\/\/computerles.classy.be\/index.php?rest_route=\/wp\/v2\/pages"}],"about":[{"href":"https:\/\/computerles.classy.be\/index.php?rest_route=\/wp\/v2\/types\/page"}],"author":[{"embeddable":true,"href":"https:\/\/computerles.classy.be\/index.php?rest_route=\/wp\/v2\/users\/1"}],"replies":[{"embeddable":true,"href":"https:\/\/computerles.classy.be\/index.php?rest_route=%2Fwp%2Fv2%2Fcomments&post=4383"}],"version-history":[{"count":12,"href":"https:\/\/computerles.classy.be\/index.php?rest_route=\/wp\/v2\/pages\/4383\/revisions"}],"predecessor-version":[{"id":6200,"href":"https:\/\/computerles.classy.be\/index.php?rest_route=\/wp\/v2\/pages\/4383\/revisions\/6200"}],"up":[{"embeddable":true,"href":"https:\/\/computerles.classy.be\/index.php?rest_route=\/wp\/v2\/pages\/4312"}],"wp:attachment":[{"href":"https:\/\/computerles.classy.be\/index.php?rest_route=%2Fwp%2Fv2%2Fmedia&parent=4383"}],"curies":[{"name":"wp","href":"https:\/\/api.w.org\/{rel}","templated":true}]}}